{"id":92,"date":"2023-12-22T12:44:10","date_gmt":"2023-12-22T11:44:10","guid":{"rendered":"https:\/\/qrbadges.vicetok.com\/envio-y-devoluciones\/"},"modified":"2024-08-23T11:20:04","modified_gmt":"2024-08-23T10:20:04","slug":"envio-y-devoluciones","status":"publish","type":"page","link":"https:\/\/genderbadges.vicetok.com\/es\/envio-y-devoluciones\/","title":{"rendered":"Env\u00edo y devoluciones"},"content":{"rendered":"<div class=\"fusion-fullwidth fullwidth-box fusion-builder-row-1 fusion-flex-container nonhundred-percent-fullwidth non-hundred-percent-height-scrolling\" style=\"--awb-border-radius-top-left:0px;--awb-border-radius-top-right:0px;--awb-border-radius-bottom-right:0px;--awb-border-radius-bottom-left:0px;--awb-flex-wrap:wrap;\" ><div class=\"fusion-builder-row fusion-row fusion-flex-align-items-flex-start fusion-flex-content-wrap\" style=\"max-width:1248px;margin-left: calc(-4% \/ 2 );margin-right: calc(-4% \/ 2 );\"><div class=\"fusion-layout-column fusion_builder_column fusion-builder-column-0 fusion_builder_column_1_1 1_1 fusion-flex-column\" style=\"--awb-bg-size:cover;--awb-width-large:100%;--awb-margin-top-large:0px;--awb-spacing-right-large:1.92%;--awb-margin-bottom-large:0px;--awb-spacing-left-large:1.92%;--awb-width-medium:100%;--awb-spacing-right-medium:1.92%;--awb-spacing-left-medium:1.92%;--awb-width-small:100%;--awb-spacing-right-small:1.92%;--awb-spacing-left-small:1.92%;\"><div class=\"fusion-column-wrapper fusion-flex-justify-content-flex-start fusion-content-layout-column\"><div class=\"fusion-title title fusion-title-1 fusion-sep-none fusion-title-text fusion-title-size-one\"><h1 class=\"fusion-title-heading title-heading-left\" style=\"margin:0;\"><pre id=\"tw-target-text\" class=\"tw-data-text tw-text-large tw-ta\" dir=\"ltr\" data-placeholder=\"Traducci\u00f3n\" data-ved=\"2ahUKEwi16frusNODAxVPgf0HHcJKBPoQ3ewLegQICRAQ\"><span class=\"Y2IQFc\" lang=\"en\">Env\u00edo<\/span><\/pre><\/h1><\/div><div class=\"fusion-separator fusion-full-width-sep\" style=\"align-self: center;margin-left: auto;margin-right: auto;margin-top:10px;margin-bottom:10px;width:100%;\"><\/div>\n<div class=\"table-1\">\n<table width=\"100%\">\n<thead>\n<tr>\n<th align=\"left\">Regi\u00f3n<\/th>\n<th align=\"left\">Pa\u00eds<\/th>\n<th align=\"left\">Tiempos de env\u00edo<\/th>\n<th align=\"left\">Precio (1 a 10 unidades)<\/th>\n<\/tr>\n<\/thead>\n<tbody>\n<tr>\n<td align=\"left\">UE<\/td>\n<td align=\"left\">Espa\u00f1a<\/td>\n<td align=\"left\">3 d\u00edas (93% de los env\u00edos)<\/td>\n<td align=\"left\">1,5\u20ac<\/td>\n<\/tr>\n<tr>\n<td align=\"left\">UE<\/td>\n<td align=\"left\">Alemania<\/td>\n<td align=\"left\">2 a 4 d\u00edas<\/td>\n<td align=\"left\">2,5\u20ac<\/td>\n<\/tr>\n<tr>\n<td align=\"left\">UE<\/td>\n<td align=\"left\">Austria<\/td>\n<td align=\"left\">2 a 4 d\u00edas<\/td>\n<td align=\"left\">2,5\u20ac<\/td>\n<\/tr>\n<tr>\n<td align=\"left\">UE<\/td>\n<td align=\"left\">B\u00e9lgica<\/td>\n<td align=\"left\">2 a 4 d\u00edas<\/td>\n<td align=\"left\">2,5\u20ac<\/td>\n<\/tr>\n<tr>\n<td align=\"left\">UE<\/td>\n<td align=\"left\">Bulgaria<\/td>\n<td align=\"left\">2 a 4 d\u00edas<\/td>\n<td align=\"left\">2,5\u20ac<\/td>\n<\/tr>\n<tr>\n<td align=\"left\">UE<\/td>\n<td align=\"left\">Croacia<\/td>\n<td align=\"left\">2 a 4 d\u00edas<\/td>\n<td align=\"left\">2,5\u20ac<\/td>\n<\/tr>\n<tr>\n<td align=\"left\">UE<\/td>\n<td align=\"left\">Rep\u00fablica Checa<\/td>\n<td align=\"left\">2 a 4 d\u00edas<\/td>\n<td align=\"left\">2,5\u20ac<\/td>\n<\/tr>\n<tr>\n<td align=\"left\">UE<\/td>\n<td align=\"left\">Dinamarca<\/td>\n<td align=\"left\">2 a 4 d\u00edas<\/td>\n<td align=\"left\">2,5\u20ac<\/td>\n<\/tr>\n<tr>\n<td align=\"left\">UE<\/td>\n<td align=\"left\">Eslovaquia<\/td>\n<td align=\"left\">2 a 4 d\u00edas<\/td>\n<td align=\"left\">2,5\u20ac<\/td>\n<\/tr>\n<tr>\n<td align=\"left\">UE<\/td>\n<td align=\"left\">Eslovenia<\/td>\n<td align=\"left\">2 a 4 d\u00edas<\/td>\n<td align=\"left\">2,5\u20ac<\/td>\n<\/tr>\n<tr>\n<td align=\"left\">UE<\/td>\n<td align=\"left\">Estonia<\/td>\n<td align=\"left\">2 a 4 d\u00edas<\/td>\n<td align=\"left\">2,5\u20ac<\/td>\n<\/tr>\n<tr>\n<td align=\"left\">UE<\/td>\n<td align=\"left\">Finlandia<\/td>\n<td align=\"left\">2 a 4 d\u00edas<\/td>\n<td align=\"left\">2,5\u20ac<\/td>\n<\/tr>\n<tr>\n<td align=\"left\">UE<\/td>\n<td align=\"left\">Francia<\/td>\n<td align=\"left\">2 a 4 d\u00edas<\/td>\n<td align=\"left\">2,5\u20ac<\/td>\n<\/tr>\n<tr>\n<td align=\"left\">UE<\/td>\n<td align=\"left\">Grecia<\/td>\n<td align=\"left\">2 a 4 d\u00edas<\/td>\n<td align=\"left\">2,5\u20ac<\/td>\n<\/tr>\n<tr>\n<td align=\"left\">UE<\/td>\n<td align=\"left\">Hungr\u00eda<\/td>\n<td align=\"left\">2 a 4 d\u00edas<\/td>\n<td align=\"left\">2,5\u20ac<\/td>\n<\/tr>\n<tr>\n<td align=\"left\">UE<\/td>\n<td align=\"left\">Irlanda<\/td>\n<td align=\"left\">2 a 4 d\u00edas<\/td>\n<td align=\"left\">2,5\u20ac<\/td>\n<\/tr>\n<tr>\n<td align=\"left\">UE<\/td>\n<td align=\"left\">Italia<\/td>\n<td align=\"left\">2 a 4 d\u00edas<\/td>\n<td align=\"left\">2,5\u20ac<\/td>\n<\/tr>\n<tr>\n<td align=\"left\">UE<\/td>\n<td align=\"left\">Letonia<\/td>\n<td align=\"left\">2 a 4 d\u00edas<\/td>\n<td align=\"left\">2,5\u20ac<\/td>\n<\/tr>\n<tr>\n<td align=\"left\">UE<\/td>\n<td align=\"left\">Lituania<\/td>\n<td align=\"left\">2 a 4 d\u00edas<\/td>\n<td align=\"left\">2,5\u20ac<\/td>\n<\/tr>\n<tr>\n<td align=\"left\">UE<\/td>\n<td align=\"left\">Pa\u00edses Bajos<\/td>\n<td align=\"left\">2 a 4 d\u00edas<\/td>\n<td align=\"left\">2,5\u20ac<\/td>\n<\/tr>\n<tr>\n<td align=\"left\">UE<\/td>\n<td align=\"left\">Polonia<\/td>\n<td align=\"left\">2 a 4 d\u00edas<\/td>\n<td align=\"left\">2,5\u20ac<\/td>\n<\/tr>\n<tr>\n<td align=\"left\">UE<\/td>\n<td align=\"left\">Portugal<\/td>\n<td align=\"left\">2 a 4 d\u00edas<\/td>\n<td align=\"left\">2,5\u20ac<\/td>\n<\/tr>\n<tr>\n<td align=\"left\">UE<\/td>\n<td align=\"left\">Reino Unido<\/td>\n<td align=\"left\">2 a 4 d\u00edas<\/td>\n<td align=\"left\">2,5\u20ac<\/td>\n<\/tr>\n<tr>\n<td align=\"left\">UE<\/td>\n<td align=\"left\">Ruman\u00eda<\/td>\n<td align=\"left\">2 a 4 d\u00edas<\/td>\n<td align=\"left\">2,5\u20ac<\/td>\n<\/tr>\n<tr>\n<td align=\"left\">UE<\/td>\n<td align=\"left\">Suecia<\/td>\n<td align=\"left\">2 a 4 d\u00edas<\/td>\n<td align=\"left\">2,5\u20ac<\/td>\n<\/tr>\n<tr>\n<td align=\"left\">UE<\/td>\n<td align=\"left\">Suiza<\/td>\n<td align=\"left\">2 a 4 d\u00edas<\/td>\n<td align=\"left\">2,5\u20ac<\/td>\n<\/tr>\n<tr>\n<td align=\"left\">UE<\/td>\n<td align=\"left\">Otro<\/td>\n<td align=\"left\">2 a 4 d\u00edas<\/td>\n<td align=\"left\">2,5\u20ac<\/td>\n<\/tr>\n<tr>\n<td align=\"left\">Fuera de UE<\/td>\n<td align=\"left\">Otro<\/td>\n<td align=\"left\">+ de 4 d\u00edas(dependiendo del pa\u00eds)<\/td>\n<td align=\"left\">3\u20ac<\/td>\n<\/tr>\n<\/tbody>\n<\/table>\n<\/div>\n<div class=\"fusion-separator fusion-full-width-sep\" style=\"align-self: center;margin-left: auto;margin-right: auto;margin-top:20px;margin-bottom:20px;width:100%;\"><\/div><div class=\"fusion-title title fusion-title-2 fusion-sep-none fusion-title-text fusion-title-size-one\"><h1 class=\"fusion-title-heading title-heading-left\" style=\"margin:0;\">Politica de reembolso<\/h1><\/div><div class=\"fusion-text fusion-text-1\"><p>Gracias por adquirir nuestros productos en nuestra tienda.<\/p>\n<p>Debido a la naturaleza de los productos que vendemos, como se fabrican bajo pedido, no son elegibles para un reembolso.<\/p>\n<p>Si nuestros productos llegaron da\u00f1ados de alguna manera, cont\u00e1ctenos por correo electr\u00f3nico o redes sociales dentro de una semana y estaremos encantados de enviarle un reemplazo gratuito.<\/p>\n<\/div><div class=\"fusion-separator fusion-full-width-sep\" style=\"align-self: center;margin-left: auto;margin-right: auto;margin-top:10px;margin-bottom:10px;width:100%;\"><\/div><div class=\"fusion-title title fusion-title-3 fusion-sep-none fusion-title-text fusion-title-size-two\"><h2 class=\"fusion-title-heading title-heading-left\" style=\"margin:0;\">Pago<\/h2><\/div><div class=\"fusion-text fusion-text-2\"><p>Pago \u00fanicamente con tarjeta de cr\u00e9dito a trav\u00e9s de Stripe. Stripe es el sistema m\u00e1s seguro y utilizado en Internet con el que podr\u00e1s pagar directamente a trav\u00e9s de nuestra web sin ning\u00fan problema ni paso adicional.<\/p>\n<\/div><div class=\"fusion-separator fusion-full-width-sep\" style=\"align-self: center;margin-left: auto;margin-right: auto;margin-top:20px;margin-bottom:20px;width:100%;\"><\/div><div class=\"fusion-title title fusion-title-4 fusion-sep-none fusion-title-text fusion-title-size-one\"><h1 class=\"fusion-title-heading title-heading-left\" style=\"margin:0;\">\u00bfM\u00e1s ayuda?<\/h1><\/div><div class=\"fusion-text fusion-text-3\"><p>Si algo no est\u00e1 aclarado o tiene alguna pregunta, no dude en contactar con nosotros a trav\u00e9s de nuestro email o redes sociales.<\/p>\n<\/div><\/div><\/div><\/div><\/div>\n","protected":false},"excerpt":{"rendered":"","protected":false},"author":1,"featured_media":0,"parent":0,"menu_order":10,"comment_status":"closed","ping_status":"closed","template":"","meta":{"footnotes":""},"class_list":["post-92","page","type-page","status-publish","hentry"],"yoast_head":"<!-- This site is optimized with the Yoast SEO plugin v27.2 - https:\/\/yoast.com\/product\/yoast-seo-wordpress\/ -->\n<title>Env\u00edo y devoluciones - Gender Badges<\/title>\n<meta name=\"robots\" content=\"index, follow, max-snippet:-1, max-image-preview:large, max-video-preview:-1\" \/>\n<link rel=\"canonical\" href=\"https:\/\/genderbadges.vicetok.com\/shipping-returns\/\" \/>\n<meta property=\"og:locale\" content=\"es_ES\" \/>\n<meta property=\"og:type\" content=\"article\" \/>\n<meta property=\"og:title\" content=\"Env\u00edo y devoluciones - Gender Badges\" \/>\n<meta property=\"og:url\" content=\"https:\/\/genderbadges.vicetok.com\/shipping-returns\/\" \/>\n<meta property=\"og:site_name\" content=\"Gender Badges\" \/>\n<meta property=\"article:modified_time\" content=\"2024-08-23T10:20:04+00:00\" \/>\n<meta name=\"twitter:card\" content=\"summary_large_image\" \/>\n<meta name=\"twitter:label1\" content=\"Tiempo de lectura\" \/>\n\t<meta name=\"twitter:data1\" content=\"2 minutos\" \/>\n<script type=\"application\/ld+json\" class=\"yoast-schema-graph\">{\"@context\":\"https:\/\/schema.org\",\"@graph\":[{\"@type\":\"WebPage\",\"@id\":\"https:\/\/genderbadges.vicetok.com\/shipping-returns\/\",\"url\":\"https:\/\/genderbadges.vicetok.com\/shipping-returns\/\",\"name\":\"Env\u00edo y devoluciones - Gender Badges\",\"isPartOf\":{\"@id\":\"https:\/\/genderbadges.vicetok.com\/#website\"},\"datePublished\":\"2023-12-22T11:44:10+00:00\",\"dateModified\":\"2024-08-23T10:20:04+00:00\",\"breadcrumb\":{\"@id\":\"https:\/\/genderbadges.vicetok.com\/shipping-returns\/#breadcrumb\"},\"inLanguage\":\"es\",\"potentialAction\":[{\"@type\":\"ReadAction\",\"target\":[\"https:\/\/genderbadges.vicetok.com\/shipping-returns\/\"]}]},{\"@type\":\"BreadcrumbList\",\"@id\":\"https:\/\/genderbadges.vicetok.com\/shipping-returns\/#breadcrumb\",\"itemListElement\":[{\"@type\":\"ListItem\",\"position\":1,\"name\":\"Home\",\"item\":\"https:\/\/genderbadges.vicetok.com\/es\/\"},{\"@type\":\"ListItem\",\"position\":2,\"name\":\"Env\u00edo y devoluciones\"}]},{\"@type\":\"WebSite\",\"@id\":\"https:\/\/genderbadges.vicetok.com\/#website\",\"url\":\"https:\/\/genderbadges.vicetok.com\/\",\"name\":\"Gender Badges\",\"description\":\"\",\"publisher\":{\"@id\":\"https:\/\/genderbadges.vicetok.com\/#organization\"},\"potentialAction\":[{\"@type\":\"SearchAction\",\"target\":{\"@type\":\"EntryPoint\",\"urlTemplate\":\"https:\/\/genderbadges.vicetok.com\/?s={search_term_string}\"},\"query-input\":{\"@type\":\"PropertyValueSpecification\",\"valueRequired\":true,\"valueName\":\"search_term_string\"}}],\"inLanguage\":\"es\"},{\"@type\":\"Organization\",\"@id\":\"https:\/\/genderbadges.vicetok.com\/#organization\",\"name\":\"Gender Badges\",\"url\":\"https:\/\/genderbadges.vicetok.com\/\",\"logo\":{\"@type\":\"ImageObject\",\"inLanguage\":\"es\",\"@id\":\"https:\/\/genderbadges.vicetok.com\/#\/schema\/logo\/image\/\",\"url\":\"https:\/\/genderbadges.vicetok.com\/wp-content\/uploads\/2024\/08\/logo-1.png\",\"contentUrl\":\"https:\/\/genderbadges.vicetok.com\/wp-content\/uploads\/2024\/08\/logo-1.png\",\"width\":542,\"height\":87,\"caption\":\"Gender Badges\"},\"image\":{\"@id\":\"https:\/\/genderbadges.vicetok.com\/#\/schema\/logo\/image\/\"},\"sameAs\":[\"https:\/\/www.tiktok.com\/@gender.badges?lang=es\",\"https:\/\/www.instagram.com\/genderbadges\/\"]}]}<\/script>\n<!-- \/ Yoast SEO plugin. -->","yoast_head_json":{"title":"Env\u00edo y devoluciones - Gender Badges","robots":{"index":"index","follow":"follow","max-snippet":"max-snippet:-1","max-image-preview":"max-image-preview:large","max-video-preview":"max-video-preview:-1"},"canonical":"https:\/\/genderbadges.vicetok.com\/shipping-returns\/","og_locale":"es_ES","og_type":"article","og_title":"Env\u00edo y devoluciones - Gender Badges","og_url":"https:\/\/genderbadges.vicetok.com\/shipping-returns\/","og_site_name":"Gender Badges","article_modified_time":"2024-08-23T10:20:04+00:00","twitter_card":"summary_large_image","twitter_misc":{"Tiempo de lectura":"2 minutos"},"schema":{"@context":"https:\/\/schema.org","@graph":[{"@type":"WebPage","@id":"https:\/\/genderbadges.vicetok.com\/shipping-returns\/","url":"https:\/\/genderbadges.vicetok.com\/shipping-returns\/","name":"Env\u00edo y devoluciones - Gender Badges","isPartOf":{"@id":"https:\/\/genderbadges.vicetok.com\/#website"},"datePublished":"2023-12-22T11:44:10+00:00","dateModified":"2024-08-23T10:20:04+00:00","breadcrumb":{"@id":"https:\/\/genderbadges.vicetok.com\/shipping-returns\/#breadcrumb"},"inLanguage":"es","potentialAction":[{"@type":"ReadAction","target":["https:\/\/genderbadges.vicetok.com\/shipping-returns\/"]}]},{"@type":"BreadcrumbList","@id":"https:\/\/genderbadges.vicetok.com\/shipping-returns\/#breadcrumb","itemListElement":[{"@type":"ListItem","position":1,"name":"Home","item":"https:\/\/genderbadges.vicetok.com\/es\/"},{"@type":"ListItem","position":2,"name":"Env\u00edo y devoluciones"}]},{"@type":"WebSite","@id":"https:\/\/genderbadges.vicetok.com\/#website","url":"https:\/\/genderbadges.vicetok.com\/","name":"Gender Badges","description":"","publisher":{"@id":"https:\/\/genderbadges.vicetok.com\/#organization"},"potentialAction":[{"@type":"SearchAction","target":{"@type":"EntryPoint","urlTemplate":"https:\/\/genderbadges.vicetok.com\/?s={search_term_string}"},"query-input":{"@type":"PropertyValueSpecification","valueRequired":true,"valueName":"search_term_string"}}],"inLanguage":"es"},{"@type":"Organization","@id":"https:\/\/genderbadges.vicetok.com\/#organization","name":"Gender Badges","url":"https:\/\/genderbadges.vicetok.com\/","logo":{"@type":"ImageObject","inLanguage":"es","@id":"https:\/\/genderbadges.vicetok.com\/#\/schema\/logo\/image\/","url":"https:\/\/genderbadges.vicetok.com\/wp-content\/uploads\/2024\/08\/logo-1.png","contentUrl":"https:\/\/genderbadges.vicetok.com\/wp-content\/uploads\/2024\/08\/logo-1.png","width":542,"height":87,"caption":"Gender Badges"},"image":{"@id":"https:\/\/genderbadges.vicetok.com\/#\/schema\/logo\/image\/"},"sameAs":["https:\/\/www.tiktok.com\/@gender.badges?lang=es","https:\/\/www.instagram.com\/genderbadges\/"]}]}},"_links":{"self":[{"href":"https:\/\/genderbadges.vicetok.com\/es\/wp-json\/wp\/v2\/pages\/92","targetHints":{"allow":["GET"]}}],"collection":[{"href":"https:\/\/genderbadges.vicetok.com\/es\/wp-json\/wp\/v2\/pages"}],"about":[{"href":"https:\/\/genderbadges.vicetok.com\/es\/wp-json\/wp\/v2\/types\/page"}],"author":[{"embeddable":true,"href":"https:\/\/genderbadges.vicetok.com\/es\/wp-json\/wp\/v2\/users\/1"}],"replies":[{"embeddable":true,"href":"https:\/\/genderbadges.vicetok.com\/es\/wp-json\/wp\/v2\/comments?post=92"}],"version-history":[{"count":19,"href":"https:\/\/genderbadges.vicetok.com\/es\/wp-json\/wp\/v2\/pages\/92\/revisions"}],"predecessor-version":[{"id":1032,"href":"https:\/\/genderbadges.vicetok.com\/es\/wp-json\/wp\/v2\/pages\/92\/revisions\/1032"}],"wp:attachment":[{"href":"https:\/\/genderbadges.vicetok.com\/es\/wp-json\/wp\/v2\/media?parent=92"}],"curies":[{"name":"wp","href":"https:\/\/api.w.org\/{rel}","templated":true}]}}