{"id":1083,"date":"2024-08-26T19:44:29","date_gmt":"2024-08-26T18:44:29","guid":{"rendered":"https:\/\/genderbadges.vicetok.com\/store\/sin%20categor\u00eda\/bandera-lgtb\/"},"modified":"2024-08-27T16:21:56","modified_gmt":"2024-08-27T15:21:56","slug":"bandera-lgtb","status":"publish","type":"product","link":"https:\/\/genderbadges.vicetok.com\/es\/store\/todo\/chapitas\/bandera-lgtb\/","title":{"rendered":"Bandera LGTB"},"content":{"rendered":"<p>Los t\u00e9rminos LGTB, LGTBI, LGTBIQ y LGTBIQ+ han ido cambiando a lo largo de las \u00faltimas d\u00e9cadas, este desarrollo refleja la evoluci\u00f3n en la comprensi\u00f3n de la diversidad sexual y de g\u00e9nero, as\u00ed como el esfuerzo por construir una comunidad m\u00e1s inclusiva y representativa.<\/p>\n<ul>\n<li><strong>1990s<\/strong>: Surgimiento del t\u00e9rmino LGTB.<\/li>\n<li><strong>2000s<\/strong>: Adopci\u00f3n de LGTBI, incluyendo a las personas intersexuales.<\/li>\n<li><strong>2000s-2010s<\/strong>: Introducci\u00f3n de LGTBIQ, a\u00f1adiendo la identidad queer.<\/li>\n<li><strong>2010s<\/strong>: Expansi\u00f3n a LGTBIQ+ para abarcar una mayor diversidad de identidades.<\/li>\n<\/ul>\n","protected":false},"excerpt":{"rendered":"<p>Los t\u00e9rminos LGTB, LGTBI, LGTBIQ y LGTBIQ+ han ido cambiando  [&#8230;]<\/p>\n","protected":false},"featured_media":1072,"comment_status":"open","ping_status":"closed","template":"","meta":[],"product_brand":[],"product_cat":[50,30,80],"product_tag":[60],"class_list":{"0":"post-1083","1":"product","2":"type-product","3":"status-publish","4":"has-post-thumbnail","6":"product_cat-todo","7":"product_cat-chapitas","8":"product_cat-lgtb-chapa-es","9":"product_tag-bandera-lgtb","11":"first","12":"instock","13":"sale","14":"taxable","15":"shipping-taxable","16":"purchasable","17":"product-type-variable","18":"has-default-attributes"},"yoast_head":"<!-- This site is optimized with the Yoast SEO plugin v27.2 - https:\/\/yoast.com\/product\/yoast-seo-wordpress\/ -->\n<title>Bandera LGTB - Gender Badges<\/title>\n<meta name=\"robots\" content=\"index, follow, max-snippet:-1, max-image-preview:large, max-video-preview:-1\" \/>\n<link rel=\"canonical\" href=\"https:\/\/genderbadges.vicetok.com\/es\/store\/todo\/chapitas\/bandera-lgtb\/\" \/>\n<meta property=\"og:locale\" content=\"es_ES\" \/>\n<meta property=\"og:type\" content=\"article\" \/>\n<meta property=\"og:title\" content=\"Bandera LGTB - Gender Badges\" \/>\n<meta property=\"og:description\" content=\"Los t\u00e9rminos LGTB, LGTBI, LGTBIQ y LGTBIQ+ han ido cambiando [...]\" \/>\n<meta property=\"og:url\" content=\"https:\/\/genderbadges.vicetok.com\/es\/store\/todo\/chapitas\/bandera-lgtb\/\" \/>\n<meta property=\"og:site_name\" content=\"Gender Badges\" \/>\n<meta property=\"article:modified_time\" content=\"2024-08-27T15:21:56+00:00\" \/>\n<meta property=\"og:image\" content=\"https:\/\/genderbadges.vicetok.com\/wp-content\/uploads\/2024\/08\/Z019.png\" \/>\n\t<meta property=\"og:image:width\" content=\"960\" \/>\n\t<meta property=\"og:image:height\" content=\"960\" \/>\n\t<meta property=\"og:image:type\" content=\"image\/png\" \/>\n<meta name=\"twitter:card\" content=\"summary_large_image\" \/>\n<meta name=\"twitter:label1\" content=\"Tiempo de lectura\" \/>\n\t<meta name=\"twitter:data1\" content=\"1 minuto\" \/>\n<script type=\"application\/ld+json\" class=\"yoast-schema-graph\">{\"@context\":\"https:\/\/schema.org\",\"@graph\":[{\"@type\":\"WebPage\",\"@id\":\"https:\/\/genderbadges.vicetok.com\/es\/store\/todo\/chapitas\/bandera-lgtb\/\",\"url\":\"https:\/\/genderbadges.vicetok.com\/es\/store\/todo\/chapitas\/bandera-lgtb\/\",\"name\":\"Bandera LGTB - Gender Badges\",\"isPartOf\":{\"@id\":\"https:\/\/genderbadges.vicetok.com\/#website\"},\"primaryImageOfPage\":{\"@id\":\"https:\/\/genderbadges.vicetok.com\/es\/store\/todo\/chapitas\/bandera-lgtb\/#primaryimage\"},\"image\":{\"@id\":\"https:\/\/genderbadges.vicetok.com\/es\/store\/todo\/chapitas\/bandera-lgtb\/#primaryimage\"},\"thumbnailUrl\":\"https:\/\/genderbadges.vicetok.com\/wp-content\/uploads\/2024\/08\/Z019.png\",\"datePublished\":\"2024-08-26T18:44:29+00:00\",\"dateModified\":\"2024-08-27T15:21:56+00:00\",\"breadcrumb\":{\"@id\":\"https:\/\/genderbadges.vicetok.com\/es\/store\/todo\/chapitas\/bandera-lgtb\/#breadcrumb\"},\"inLanguage\":\"es\",\"potentialAction\":[{\"@type\":\"ReadAction\",\"target\":[\"https:\/\/genderbadges.vicetok.com\/es\/store\/todo\/chapitas\/bandera-lgtb\/\"]}]},{\"@type\":\"ImageObject\",\"inLanguage\":\"es\",\"@id\":\"https:\/\/genderbadges.vicetok.com\/es\/store\/todo\/chapitas\/bandera-lgtb\/#primaryimage\",\"url\":\"https:\/\/genderbadges.vicetok.com\/wp-content\/uploads\/2024\/08\/Z019.png\",\"contentUrl\":\"https:\/\/genderbadges.vicetok.com\/wp-content\/uploads\/2024\/08\/Z019.png\",\"width\":960,\"height\":960},{\"@type\":\"BreadcrumbList\",\"@id\":\"https:\/\/genderbadges.vicetok.com\/es\/store\/todo\/chapitas\/bandera-lgtb\/#breadcrumb\",\"itemListElement\":[{\"@type\":\"ListItem\",\"position\":1,\"name\":\"Home\",\"item\":\"https:\/\/genderbadges.vicetok.com\/es\/\"},{\"@type\":\"ListItem\",\"position\":2,\"name\":\"Tienda\",\"item\":\"https:\/\/genderbadges.vicetok.com\/es\/tienda\/\"},{\"@type\":\"ListItem\",\"position\":3,\"name\":\"Bandera LGTB\"}]},{\"@type\":\"WebSite\",\"@id\":\"https:\/\/genderbadges.vicetok.com\/#website\",\"url\":\"https:\/\/genderbadges.vicetok.com\/\",\"name\":\"Gender Badges\",\"description\":\"\",\"publisher\":{\"@id\":\"https:\/\/genderbadges.vicetok.com\/#organization\"},\"potentialAction\":[{\"@type\":\"SearchAction\",\"target\":{\"@type\":\"EntryPoint\",\"urlTemplate\":\"https:\/\/genderbadges.vicetok.com\/?s={search_term_string}\"},\"query-input\":{\"@type\":\"PropertyValueSpecification\",\"valueRequired\":true,\"valueName\":\"search_term_string\"}}],\"inLanguage\":\"es\"},{\"@type\":\"Organization\",\"@id\":\"https:\/\/genderbadges.vicetok.com\/#organization\",\"name\":\"Gender Badges\",\"url\":\"https:\/\/genderbadges.vicetok.com\/\",\"logo\":{\"@type\":\"ImageObject\",\"inLanguage\":\"es\",\"@id\":\"https:\/\/genderbadges.vicetok.com\/#\/schema\/logo\/image\/\",\"url\":\"https:\/\/genderbadges.vicetok.com\/wp-content\/uploads\/2024\/08\/logo-1.png\",\"contentUrl\":\"https:\/\/genderbadges.vicetok.com\/wp-content\/uploads\/2024\/08\/logo-1.png\",\"width\":542,\"height\":87,\"caption\":\"Gender Badges\"},\"image\":{\"@id\":\"https:\/\/genderbadges.vicetok.com\/#\/schema\/logo\/image\/\"},\"sameAs\":[\"https:\/\/www.tiktok.com\/@gender.badges?lang=es\",\"https:\/\/www.instagram.com\/genderbadges\/\"]}]}<\/script>\n<!-- \/ Yoast SEO plugin. -->","yoast_head_json":{"title":"Bandera LGTB - Gender Badges","robots":{"index":"index","follow":"follow","max-snippet":"max-snippet:-1","max-image-preview":"max-image-preview:large","max-video-preview":"max-video-preview:-1"},"canonical":"https:\/\/genderbadges.vicetok.com\/es\/store\/todo\/chapitas\/bandera-lgtb\/","og_locale":"es_ES","og_type":"article","og_title":"Bandera LGTB - Gender Badges","og_description":"Los t\u00e9rminos LGTB, LGTBI, LGTBIQ y LGTBIQ+ han ido cambiando [...]","og_url":"https:\/\/genderbadges.vicetok.com\/es\/store\/todo\/chapitas\/bandera-lgtb\/","og_site_name":"Gender Badges","article_modified_time":"2024-08-27T15:21:56+00:00","og_image":[{"width":960,"height":960,"url":"https:\/\/genderbadges.vicetok.com\/wp-content\/uploads\/2024\/08\/Z019.png","type":"image\/png"}],"twitter_card":"summary_large_image","twitter_misc":{"Tiempo de lectura":"1 minuto"},"schema":{"@context":"https:\/\/schema.org","@graph":[{"@type":"WebPage","@id":"https:\/\/genderbadges.vicetok.com\/es\/store\/todo\/chapitas\/bandera-lgtb\/","url":"https:\/\/genderbadges.vicetok.com\/es\/store\/todo\/chapitas\/bandera-lgtb\/","name":"Bandera LGTB - Gender Badges","isPartOf":{"@id":"https:\/\/genderbadges.vicetok.com\/#website"},"primaryImageOfPage":{"@id":"https:\/\/genderbadges.vicetok.com\/es\/store\/todo\/chapitas\/bandera-lgtb\/#primaryimage"},"image":{"@id":"https:\/\/genderbadges.vicetok.com\/es\/store\/todo\/chapitas\/bandera-lgtb\/#primaryimage"},"thumbnailUrl":"https:\/\/genderbadges.vicetok.com\/wp-content\/uploads\/2024\/08\/Z019.png","datePublished":"2024-08-26T18:44:29+00:00","dateModified":"2024-08-27T15:21:56+00:00","breadcrumb":{"@id":"https:\/\/genderbadges.vicetok.com\/es\/store\/todo\/chapitas\/bandera-lgtb\/#breadcrumb"},"inLanguage":"es","potentialAction":[{"@type":"ReadAction","target":["https:\/\/genderbadges.vicetok.com\/es\/store\/todo\/chapitas\/bandera-lgtb\/"]}]},{"@type":"ImageObject","inLanguage":"es","@id":"https:\/\/genderbadges.vicetok.com\/es\/store\/todo\/chapitas\/bandera-lgtb\/#primaryimage","url":"https:\/\/genderbadges.vicetok.com\/wp-content\/uploads\/2024\/08\/Z019.png","contentUrl":"https:\/\/genderbadges.vicetok.com\/wp-content\/uploads\/2024\/08\/Z019.png","width":960,"height":960},{"@type":"BreadcrumbList","@id":"https:\/\/genderbadges.vicetok.com\/es\/store\/todo\/chapitas\/bandera-lgtb\/#breadcrumb","itemListElement":[{"@type":"ListItem","position":1,"name":"Home","item":"https:\/\/genderbadges.vicetok.com\/es\/"},{"@type":"ListItem","position":2,"name":"Tienda","item":"https:\/\/genderbadges.vicetok.com\/es\/tienda\/"},{"@type":"ListItem","position":3,"name":"Bandera LGTB"}]},{"@type":"WebSite","@id":"https:\/\/genderbadges.vicetok.com\/#website","url":"https:\/\/genderbadges.vicetok.com\/","name":"Gender Badges","description":"","publisher":{"@id":"https:\/\/genderbadges.vicetok.com\/#organization"},"potentialAction":[{"@type":"SearchAction","target":{"@type":"EntryPoint","urlTemplate":"https:\/\/genderbadges.vicetok.com\/?s={search_term_string}"},"query-input":{"@type":"PropertyValueSpecification","valueRequired":true,"valueName":"search_term_string"}}],"inLanguage":"es"},{"@type":"Organization","@id":"https:\/\/genderbadges.vicetok.com\/#organization","name":"Gender Badges","url":"https:\/\/genderbadges.vicetok.com\/","logo":{"@type":"ImageObject","inLanguage":"es","@id":"https:\/\/genderbadges.vicetok.com\/#\/schema\/logo\/image\/","url":"https:\/\/genderbadges.vicetok.com\/wp-content\/uploads\/2024\/08\/logo-1.png","contentUrl":"https:\/\/genderbadges.vicetok.com\/wp-content\/uploads\/2024\/08\/logo-1.png","width":542,"height":87,"caption":"Gender Badges"},"image":{"@id":"https:\/\/genderbadges.vicetok.com\/#\/schema\/logo\/image\/"},"sameAs":["https:\/\/www.tiktok.com\/@gender.badges?lang=es","https:\/\/www.instagram.com\/genderbadges\/"]}]}},"_links":{"self":[{"href":"https:\/\/genderbadges.vicetok.com\/es\/wp-json\/wp\/v2\/product\/1083","targetHints":{"allow":["GET"]}}],"collection":[{"href":"https:\/\/genderbadges.vicetok.com\/es\/wp-json\/wp\/v2\/product"}],"about":[{"href":"https:\/\/genderbadges.vicetok.com\/es\/wp-json\/wp\/v2\/types\/product"}],"replies":[{"embeddable":true,"href":"https:\/\/genderbadges.vicetok.com\/es\/wp-json\/wp\/v2\/comments?post=1083"}],"wp:featuredmedia":[{"embeddable":true,"href":"https:\/\/genderbadges.vicetok.com\/es\/wp-json\/wp\/v2\/media\/1072"}],"wp:attachment":[{"href":"https:\/\/genderbadges.vicetok.com\/es\/wp-json\/wp\/v2\/media?parent=1083"}],"wp:term":[{"taxonomy":"product_brand","embeddable":true,"href":"https:\/\/genderbadges.vicetok.com\/es\/wp-json\/wp\/v2\/product_brand?post=1083"},{"taxonomy":"product_cat","embeddable":true,"href":"https:\/\/genderbadges.vicetok.com\/es\/wp-json\/wp\/v2\/product_cat?post=1083"},{"taxonomy":"product_tag","embeddable":true,"href":"https:\/\/genderbadges.vicetok.com\/es\/wp-json\/wp\/v2\/product_tag?post=1083"}],"curies":[{"name":"wp","href":"https:\/\/api.w.org\/{rel}","templated":true}]}}