{"id":1136,"date":"2024-08-27T15:59:13","date_gmt":"2024-08-27T14:59:13","guid":{"rendered":"https:\/\/genderbadges.vicetok.com\/?post_type=product&#038;p=1136"},"modified":"2024-08-27T16:20:19","modified_gmt":"2024-08-27T15:20:19","slug":"they-them-es","status":"publish","type":"product","link":"https:\/\/genderbadges.vicetok.com\/es\/store\/todo\/chapitas\/they-them-es\/","title":{"rendered":"They \/ Them"},"content":{"rendered":"<p>Los pronombres <strong>\u00abthey\/them<\/strong>\u00bb son pronombres de g\u00e9nero neutro, utilizados a menudo por personas que no se identifican estrictamente como hombres o mujeres. Estos pronombres los utilizan a menudo las personas no binarias, queer o de g\u00e9nero fluido que no se ajustan a las categor\u00edas binarias tradicionales de g\u00e9nero.<\/p>\n<p>Utilizar los pronombres <strong>\u00abthey\/them<\/strong>\u00bb para alguien muestra respeto por su identidad de g\u00e9nero, reconociendo que puede no encajar en las categor\u00edas convencionales de \u00abshe\/her\u00bb o \u00abhe\/him\u00bb.<\/p>\n","protected":false},"excerpt":{"rendered":"<p>Los pronombres \u00abthey\/them\u00bb son pronombres de g\u00e9nero neutro, utilizados a  [&#8230;]<\/p>\n","protected":false},"featured_media":1120,"comment_status":"open","ping_status":"closed","template":"","meta":[],"product_brand":[],"product_cat":[50,30,73],"product_tag":[78],"class_list":{"0":"post-1136","1":"product","2":"type-product","3":"status-publish","4":"has-post-thumbnail","6":"product_cat-todo","7":"product_cat-chapitas","8":"product_cat-pronombres-chapa","9":"product_tag-they-them-es","10":"product_shipping_class-envio-estandar","12":"first","13":"instock","14":"taxable","15":"shipping-taxable","16":"purchasable","17":"product-type-simple"},"yoast_head":"<!-- This site is optimized with the Yoast SEO plugin v27.2 - https:\/\/yoast.com\/product\/yoast-seo-wordpress\/ -->\n<title>They \/ Them - Gender Badges<\/title>\n<meta name=\"robots\" content=\"index, follow, max-snippet:-1, max-image-preview:large, max-video-preview:-1\" \/>\n<link rel=\"canonical\" href=\"https:\/\/genderbadges.vicetok.com\/es\/store\/todo\/chapitas\/they-them-es\/\" \/>\n<meta property=\"og:locale\" content=\"es_ES\" \/>\n<meta property=\"og:type\" content=\"article\" \/>\n<meta property=\"og:title\" content=\"They \/ Them - Gender Badges\" \/>\n<meta property=\"og:description\" content=\"Los pronombres \u00abthey\/them\u00bb son pronombres de g\u00e9nero neutro, utilizados a [...]\" \/>\n<meta property=\"og:url\" content=\"https:\/\/genderbadges.vicetok.com\/es\/store\/todo\/chapitas\/they-them-es\/\" \/>\n<meta property=\"og:site_name\" content=\"Gender Badges\" \/>\n<meta property=\"article:modified_time\" content=\"2024-08-27T15:20:19+00:00\" \/>\n<meta property=\"og:image\" content=\"https:\/\/genderbadges.vicetok.com\/wp-content\/uploads\/2024\/08\/Z003.png\" \/>\n\t<meta property=\"og:image:width\" content=\"960\" \/>\n\t<meta property=\"og:image:height\" content=\"960\" \/>\n\t<meta property=\"og:image:type\" content=\"image\/png\" \/>\n<meta name=\"twitter:card\" content=\"summary_large_image\" \/>\n<meta name=\"twitter:label1\" content=\"Tiempo de lectura\" \/>\n\t<meta name=\"twitter:data1\" content=\"1 minuto\" \/>\n<script type=\"application\/ld+json\" class=\"yoast-schema-graph\">{\"@context\":\"https:\/\/schema.org\",\"@graph\":[{\"@type\":\"WebPage\",\"@id\":\"https:\/\/genderbadges.vicetok.com\/es\/store\/todo\/chapitas\/they-them-es\/\",\"url\":\"https:\/\/genderbadges.vicetok.com\/es\/store\/todo\/chapitas\/they-them-es\/\",\"name\":\"They \/ Them - Gender Badges\",\"isPartOf\":{\"@id\":\"https:\/\/genderbadges.vicetok.com\/#website\"},\"primaryImageOfPage\":{\"@id\":\"https:\/\/genderbadges.vicetok.com\/es\/store\/todo\/chapitas\/they-them-es\/#primaryimage\"},\"image\":{\"@id\":\"https:\/\/genderbadges.vicetok.com\/es\/store\/todo\/chapitas\/they-them-es\/#primaryimage\"},\"thumbnailUrl\":\"https:\/\/genderbadges.vicetok.com\/wp-content\/uploads\/2024\/08\/Z003.png\",\"datePublished\":\"2024-08-27T14:59:13+00:00\",\"dateModified\":\"2024-08-27T15:20:19+00:00\",\"breadcrumb\":{\"@id\":\"https:\/\/genderbadges.vicetok.com\/es\/store\/todo\/chapitas\/they-them-es\/#breadcrumb\"},\"inLanguage\":\"es\",\"potentialAction\":[{\"@type\":\"ReadAction\",\"target\":[\"https:\/\/genderbadges.vicetok.com\/es\/store\/todo\/chapitas\/they-them-es\/\"]}]},{\"@type\":\"ImageObject\",\"inLanguage\":\"es\",\"@id\":\"https:\/\/genderbadges.vicetok.com\/es\/store\/todo\/chapitas\/they-them-es\/#primaryimage\",\"url\":\"https:\/\/genderbadges.vicetok.com\/wp-content\/uploads\/2024\/08\/Z003.png\",\"contentUrl\":\"https:\/\/genderbadges.vicetok.com\/wp-content\/uploads\/2024\/08\/Z003.png\",\"width\":960,\"height\":960},{\"@type\":\"BreadcrumbList\",\"@id\":\"https:\/\/genderbadges.vicetok.com\/es\/store\/todo\/chapitas\/they-them-es\/#breadcrumb\",\"itemListElement\":[{\"@type\":\"ListItem\",\"position\":1,\"name\":\"Home\",\"item\":\"https:\/\/genderbadges.vicetok.com\/es\/\"},{\"@type\":\"ListItem\",\"position\":2,\"name\":\"Tienda\",\"item\":\"https:\/\/genderbadges.vicetok.com\/es\/tienda\/\"},{\"@type\":\"ListItem\",\"position\":3,\"name\":\"They \/ Them\"}]},{\"@type\":\"WebSite\",\"@id\":\"https:\/\/genderbadges.vicetok.com\/#website\",\"url\":\"https:\/\/genderbadges.vicetok.com\/\",\"name\":\"Gender Badges\",\"description\":\"\",\"publisher\":{\"@id\":\"https:\/\/genderbadges.vicetok.com\/#organization\"},\"potentialAction\":[{\"@type\":\"SearchAction\",\"target\":{\"@type\":\"EntryPoint\",\"urlTemplate\":\"https:\/\/genderbadges.vicetok.com\/?s={search_term_string}\"},\"query-input\":{\"@type\":\"PropertyValueSpecification\",\"valueRequired\":true,\"valueName\":\"search_term_string\"}}],\"inLanguage\":\"es\"},{\"@type\":\"Organization\",\"@id\":\"https:\/\/genderbadges.vicetok.com\/#organization\",\"name\":\"Gender Badges\",\"url\":\"https:\/\/genderbadges.vicetok.com\/\",\"logo\":{\"@type\":\"ImageObject\",\"inLanguage\":\"es\",\"@id\":\"https:\/\/genderbadges.vicetok.com\/#\/schema\/logo\/image\/\",\"url\":\"https:\/\/genderbadges.vicetok.com\/wp-content\/uploads\/2024\/08\/logo-1.png\",\"contentUrl\":\"https:\/\/genderbadges.vicetok.com\/wp-content\/uploads\/2024\/08\/logo-1.png\",\"width\":542,\"height\":87,\"caption\":\"Gender Badges\"},\"image\":{\"@id\":\"https:\/\/genderbadges.vicetok.com\/#\/schema\/logo\/image\/\"},\"sameAs\":[\"https:\/\/www.tiktok.com\/@gender.badges?lang=es\",\"https:\/\/www.instagram.com\/genderbadges\/\"]}]}<\/script>\n<!-- \/ Yoast SEO plugin. -->","yoast_head_json":{"title":"They \/ Them - Gender Badges","robots":{"index":"index","follow":"follow","max-snippet":"max-snippet:-1","max-image-preview":"max-image-preview:large","max-video-preview":"max-video-preview:-1"},"canonical":"https:\/\/genderbadges.vicetok.com\/es\/store\/todo\/chapitas\/they-them-es\/","og_locale":"es_ES","og_type":"article","og_title":"They \/ Them - Gender Badges","og_description":"Los pronombres \u00abthey\/them\u00bb son pronombres de g\u00e9nero neutro, utilizados a [...]","og_url":"https:\/\/genderbadges.vicetok.com\/es\/store\/todo\/chapitas\/they-them-es\/","og_site_name":"Gender Badges","article_modified_time":"2024-08-27T15:20:19+00:00","og_image":[{"width":960,"height":960,"url":"https:\/\/genderbadges.vicetok.com\/wp-content\/uploads\/2024\/08\/Z003.png","type":"image\/png"}],"twitter_card":"summary_large_image","twitter_misc":{"Tiempo de lectura":"1 minuto"},"schema":{"@context":"https:\/\/schema.org","@graph":[{"@type":"WebPage","@id":"https:\/\/genderbadges.vicetok.com\/es\/store\/todo\/chapitas\/they-them-es\/","url":"https:\/\/genderbadges.vicetok.com\/es\/store\/todo\/chapitas\/they-them-es\/","name":"They \/ Them - Gender Badges","isPartOf":{"@id":"https:\/\/genderbadges.vicetok.com\/#website"},"primaryImageOfPage":{"@id":"https:\/\/genderbadges.vicetok.com\/es\/store\/todo\/chapitas\/they-them-es\/#primaryimage"},"image":{"@id":"https:\/\/genderbadges.vicetok.com\/es\/store\/todo\/chapitas\/they-them-es\/#primaryimage"},"thumbnailUrl":"https:\/\/genderbadges.vicetok.com\/wp-content\/uploads\/2024\/08\/Z003.png","datePublished":"2024-08-27T14:59:13+00:00","dateModified":"2024-08-27T15:20:19+00:00","breadcrumb":{"@id":"https:\/\/genderbadges.vicetok.com\/es\/store\/todo\/chapitas\/they-them-es\/#breadcrumb"},"inLanguage":"es","potentialAction":[{"@type":"ReadAction","target":["https:\/\/genderbadges.vicetok.com\/es\/store\/todo\/chapitas\/they-them-es\/"]}]},{"@type":"ImageObject","inLanguage":"es","@id":"https:\/\/genderbadges.vicetok.com\/es\/store\/todo\/chapitas\/they-them-es\/#primaryimage","url":"https:\/\/genderbadges.vicetok.com\/wp-content\/uploads\/2024\/08\/Z003.png","contentUrl":"https:\/\/genderbadges.vicetok.com\/wp-content\/uploads\/2024\/08\/Z003.png","width":960,"height":960},{"@type":"BreadcrumbList","@id":"https:\/\/genderbadges.vicetok.com\/es\/store\/todo\/chapitas\/they-them-es\/#breadcrumb","itemListElement":[{"@type":"ListItem","position":1,"name":"Home","item":"https:\/\/genderbadges.vicetok.com\/es\/"},{"@type":"ListItem","position":2,"name":"Tienda","item":"https:\/\/genderbadges.vicetok.com\/es\/tienda\/"},{"@type":"ListItem","position":3,"name":"They \/ Them"}]},{"@type":"WebSite","@id":"https:\/\/genderbadges.vicetok.com\/#website","url":"https:\/\/genderbadges.vicetok.com\/","name":"Gender Badges","description":"","publisher":{"@id":"https:\/\/genderbadges.vicetok.com\/#organization"},"potentialAction":[{"@type":"SearchAction","target":{"@type":"EntryPoint","urlTemplate":"https:\/\/genderbadges.vicetok.com\/?s={search_term_string}"},"query-input":{"@type":"PropertyValueSpecification","valueRequired":true,"valueName":"search_term_string"}}],"inLanguage":"es"},{"@type":"Organization","@id":"https:\/\/genderbadges.vicetok.com\/#organization","name":"Gender Badges","url":"https:\/\/genderbadges.vicetok.com\/","logo":{"@type":"ImageObject","inLanguage":"es","@id":"https:\/\/genderbadges.vicetok.com\/#\/schema\/logo\/image\/","url":"https:\/\/genderbadges.vicetok.com\/wp-content\/uploads\/2024\/08\/logo-1.png","contentUrl":"https:\/\/genderbadges.vicetok.com\/wp-content\/uploads\/2024\/08\/logo-1.png","width":542,"height":87,"caption":"Gender Badges"},"image":{"@id":"https:\/\/genderbadges.vicetok.com\/#\/schema\/logo\/image\/"},"sameAs":["https:\/\/www.tiktok.com\/@gender.badges?lang=es","https:\/\/www.instagram.com\/genderbadges\/"]}]}},"_links":{"self":[{"href":"https:\/\/genderbadges.vicetok.com\/es\/wp-json\/wp\/v2\/product\/1136","targetHints":{"allow":["GET"]}}],"collection":[{"href":"https:\/\/genderbadges.vicetok.com\/es\/wp-json\/wp\/v2\/product"}],"about":[{"href":"https:\/\/genderbadges.vicetok.com\/es\/wp-json\/wp\/v2\/types\/product"}],"replies":[{"embeddable":true,"href":"https:\/\/genderbadges.vicetok.com\/es\/wp-json\/wp\/v2\/comments?post=1136"}],"wp:featuredmedia":[{"embeddable":true,"href":"https:\/\/genderbadges.vicetok.com\/es\/wp-json\/wp\/v2\/media\/1120"}],"wp:attachment":[{"href":"https:\/\/genderbadges.vicetok.com\/es\/wp-json\/wp\/v2\/media?parent=1136"}],"wp:term":[{"taxonomy":"product_brand","embeddable":true,"href":"https:\/\/genderbadges.vicetok.com\/es\/wp-json\/wp\/v2\/product_brand?post=1136"},{"taxonomy":"product_cat","embeddable":true,"href":"https:\/\/genderbadges.vicetok.com\/es\/wp-json\/wp\/v2\/product_cat?post=1136"},{"taxonomy":"product_tag","embeddable":true,"href":"https:\/\/genderbadges.vicetok.com\/es\/wp-json\/wp\/v2\/product_tag?post=1136"}],"curies":[{"name":"wp","href":"https:\/\/api.w.org\/{rel}","templated":true}]}}